{"id":8,"date":"2025-07-09T18:08:49","date_gmt":"2025-07-09T18:08:49","guid":{"rendered":"https:\/\/sunlinelog.com\/?page_id=8"},"modified":"2025-08-05T18:15:05","modified_gmt":"2025-08-05T23:15:05","slug":"inicio","status":"publish","type":"page","link":"https:\/\/sunlinelog.com\/en\/","title":{"rendered":"Inicio"},"content":{"rendered":"<div data-elementor-type=\"wp-page\" data-elementor-id=\"8\" class=\"elementor elementor-8\" data-elementor-post-type=\"page\">\n\t\t\t\t<div class=\"elementor-element elementor-element-71d3a99 e-flex e-con-boxed e-con e-parent\" data-id=\"71d3a99\" data-element_type=\"container\" data-settings=\"{&quot;background_background&quot;:&quot;video&quot;,&quot;background_video_link&quot;:&quot;https:\\\/\\\/sunlinelog.com\\\/wp-content\\\/uploads\\\/2025\\\/07\\\/comprimidovecteezy_aerial-view-drone-4k-footage-of-ocean-container-ship-in-hong_24487033.mp4&quot;,&quot;background_play_on_mobile&quot;:&quot;yes&quot;}\">\n\t\t\t\t\t<div class=\"e-con-inner\">\n\t\t<div class=\"elementor-background-video-container\">\n\t\t\t\t\t\t\t<video class=\"elementor-background-video-hosted\" autoplay muted playsinline loop><\/video>\n\t\t\t\t\t<\/div>\t\t<div class=\"elementor-element elementor-element-df82f68 elementor-widget elementor-widget-heading\" data-id=\"df82f68\" data-element_type=\"widget\" data-widget_type=\"heading.default\">\n\t\t\t\t\t<h2 class=\"elementor-heading-title elementor-size-default\">Fast and secure logistics<p>solutions for your business<\/p><\/h2>\t\t\t\t<\/div>\n\t\t\t\t<div class=\"elementor-element elementor-element-cc72eb5 elementor-widget elementor-widget-text-editor\" data-id=\"cc72eb5\" data-element_type=\"widget\" data-widget_type=\"text-editor.default\">\n\t\t\t\t\t\t\t\t\t<p>We deliver on time, with real-time tracking and personalized attention.<\/p>\t\t\t\t\t\t\t\t<\/div>\n\t\t\t\t<div class=\"elementor-element elementor-element-6757aa9 elementor-align-right elementor-widget elementor-widget-button\" data-id=\"6757aa9\" data-element_type=\"widget\" data-widget_type=\"button.default\">\n\t\t\t\t\t\t\t\t\t\t<a class=\"elementor-button elementor-button-link elementor-size-sm\" href=\"https:\/\/sunlinelog.com\/en\/contacto\/\">\n\t\t\t\t\t\t<span class=\"elementor-button-content-wrapper\">\n\t\t\t\t\t\t\t\t\t<span class=\"elementor-button-text\">Request a quote<\/span>\n\t\t\t\t\t<\/span>\n\t\t\t\t\t<\/a>\n\t\t\t\t\t\t\t\t<\/div>\n\t\t\t\t\t<\/div>\n\t\t\t\t<\/div>\n\t\t<div class=\"elementor-element elementor-element-e649c79 e-flex e-con-boxed e-con e-parent\" data-id=\"e649c79\" data-element_type=\"container\" data-settings=\"{&quot;background_background&quot;:&quot;classic&quot;}\">\n\t\t\t\t\t<div class=\"e-con-inner\">\n\t\t<div class=\"elementor-element elementor-element-c212817 e-con-full e-flex e-con e-child\" data-id=\"c212817\" data-element_type=\"container\">\n\t\t\t\t<div class=\"elementor-element elementor-element-bda0383 elementor-widget elementor-widget-heading\" data-id=\"bda0383\" data-element_type=\"widget\" data-widget_type=\"heading.default\">\n\t\t\t\t\t<h2 class=\"elementor-heading-title elementor-size-default\">What do we do?<\/h2>\t\t\t\t<\/div>\n\t\t\t\t<\/div>\n\t\t<div class=\"elementor-element elementor-element-2e6f6f6 e-grid e-con-full e-con e-child\" data-id=\"2e6f6f6\" data-element_type=\"container\">\n\t\t\t\t<div class=\"elementor-element elementor-element-1183b15 elementor-position-top elementor-widget elementor-widget-image-box\" data-id=\"1183b15\" data-element_type=\"widget\" data-widget_type=\"image-box.default\">\n\t\t\t\t\t<div class=\"elementor-image-box-wrapper\"><figure class=\"elementor-image-box-img\"><img fetchpriority=\"high\" decoding=\"async\" width=\"455\" height=\"334\" src=\"https:\/\/sunlinelog.com\/wp-content\/uploads\/2025\/07\/transporte-terrestre-e1752517421238.png\" class=\"attachment-full size-full wp-image-106\" alt=\"\" srcset=\"https:\/\/sunlinelog.com\/wp-content\/uploads\/2025\/07\/transporte-terrestre-e1752517421238.png 455w, https:\/\/sunlinelog.com\/wp-content\/uploads\/2025\/07\/transporte-terrestre-e1752517421238-300x220.png 300w\" sizes=\"(max-width: 455px) 100vw, 455px\" \/><\/figure><div class=\"elementor-image-box-content\"><h3 class=\"elementor-image-box-title\">Land Transportation<\/h3><\/div><\/div>\t\t\t\t<\/div>\n\t\t\t\t<div class=\"elementor-element elementor-element-69a710a elementor-position-top elementor-widget elementor-widget-image-box\" data-id=\"69a710a\" data-element_type=\"widget\" data-widget_type=\"image-box.default\">\n\t\t\t\t\t<div class=\"elementor-image-box-wrapper\"><figure class=\"elementor-image-box-img\"><img decoding=\"async\" width=\"512\" height=\"512\" data-src=\"https:\/\/sunlinelog.com\/wp-content\/uploads\/2025\/07\/transportemultimodal.png\" class=\"attachment-full size-full wp-image-105 lazyload\" alt=\"\" data-srcset=\"https:\/\/sunlinelog.com\/wp-content\/uploads\/2025\/07\/transportemultimodal.png 512w, https:\/\/sunlinelog.com\/wp-content\/uploads\/2025\/07\/transportemultimodal-300x300.png 300w, https:\/\/sunlinelog.com\/wp-content\/uploads\/2025\/07\/transportemultimodal-150x150.png 150w\" data-sizes=\"(max-width: 512px) 100vw, 512px\" src=\"data:image\/svg+xml;base64,PHN2ZyB3aWR0aD0iMSIgaGVpZ2h0PSIxIiB4bWxucz0iaHR0cDovL3d3dy53My5vcmcvMjAwMC9zdmciPjwvc3ZnPg==\" style=\"--smush-placeholder-width: 512px; --smush-placeholder-aspect-ratio: 512\/512;\" \/><\/figure><div class=\"elementor-image-box-content\"><h3 class=\"elementor-image-box-title\">Multimodal Transport<\/h3><\/div><\/div>\t\t\t\t<\/div>\n\t\t\t\t<div class=\"elementor-element elementor-element-63a2c63 elementor-position-top elementor-widget elementor-widget-image-box\" data-id=\"63a2c63\" data-element_type=\"widget\" data-widget_type=\"image-box.default\">\n\t\t\t\t\t<div class=\"elementor-image-box-wrapper\"><figure class=\"elementor-image-box-img\"><img decoding=\"async\" width=\"512\" height=\"512\" data-src=\"https:\/\/sunlinelog.com\/wp-content\/uploads\/2025\/07\/distribucion.png\" class=\"attachment-full size-full wp-image-104 lazyload\" alt=\"\" data-srcset=\"https:\/\/sunlinelog.com\/wp-content\/uploads\/2025\/07\/distribucion.png 512w, https:\/\/sunlinelog.com\/wp-content\/uploads\/2025\/07\/distribucion-300x300.png 300w, https:\/\/sunlinelog.com\/wp-content\/uploads\/2025\/07\/distribucion-150x150.png 150w\" data-sizes=\"(max-width: 512px) 100vw, 512px\" src=\"data:image\/svg+xml;base64,PHN2ZyB3aWR0aD0iMSIgaGVpZ2h0PSIxIiB4bWxucz0iaHR0cDovL3d3dy53My5vcmcvMjAwMC9zdmciPjwvc3ZnPg==\" style=\"--smush-placeholder-width: 512px; --smush-placeholder-aspect-ratio: 512\/512;\" \/><\/figure><div class=\"elementor-image-box-content\"><h3 class=\"elementor-image-box-title\">Storage and Distribution<\/h3><\/div><\/div>\t\t\t\t<\/div>\n\t\t\t\t<div class=\"elementor-element elementor-element-ce0ee18 elementor-position-top elementor-widget elementor-widget-image-box\" data-id=\"ce0ee18\" data-element_type=\"widget\" data-widget_type=\"image-box.default\">\n\t\t\t\t\t<div class=\"elementor-image-box-wrapper\"><figure class=\"elementor-image-box-img\"><img decoding=\"async\" width=\"512\" height=\"512\" data-src=\"https:\/\/sunlinelog.com\/wp-content\/uploads\/2025\/07\/despacho-de-aduana.png\" class=\"attachment-full size-full wp-image-103 lazyload\" alt=\"\" data-srcset=\"https:\/\/sunlinelog.com\/wp-content\/uploads\/2025\/07\/despacho-de-aduana.png 512w, https:\/\/sunlinelog.com\/wp-content\/uploads\/2025\/07\/despacho-de-aduana-300x300.png 300w, https:\/\/sunlinelog.com\/wp-content\/uploads\/2025\/07\/despacho-de-aduana-150x150.png 150w\" data-sizes=\"(max-width: 512px) 100vw, 512px\" src=\"data:image\/svg+xml;base64,PHN2ZyB3aWR0aD0iMSIgaGVpZ2h0PSIxIiB4bWxucz0iaHR0cDovL3d3dy53My5vcmcvMjAwMC9zdmciPjwvc3ZnPg==\" style=\"--smush-placeholder-width: 512px; --smush-placeholder-aspect-ratio: 512\/512;\" \/><\/figure><div class=\"elementor-image-box-content\"><h3 class=\"elementor-image-box-title\">Customs Clearance<\/h3><\/div><\/div>\t\t\t\t<\/div>\n\t\t\t\t<\/div>\n\t\t\t\t\t<\/div>\n\t\t\t\t<\/div>\n\t\t<div class=\"elementor-element elementor-element-ae3a676 e-flex e-con-boxed e-con e-parent\" data-id=\"ae3a676\" data-element_type=\"container\">\n\t\t\t\t\t<div class=\"e-con-inner\">\n\t\t<div class=\"elementor-element elementor-element-1541f99 e-con-full e-flex e-con e-child\" data-id=\"1541f99\" data-element_type=\"container\">\n\t\t\t\t<div class=\"elementor-element elementor-element-4921726 elementor-widget elementor-widget-image\" data-id=\"4921726\" data-element_type=\"widget\" data-widget_type=\"image.default\">\n\t\t\t\t\t\t\t\t\t\t\t\t\t\t\t<img decoding=\"async\" width=\"495\" height=\"640\" data-src=\"https:\/\/sunlinelog.com\/wp-content\/uploads\/2025\/07\/ship-4490852_640.jpg\" class=\"attachment-full size-full wp-image-123 lazyload\" alt=\"\" data-srcset=\"https:\/\/sunlinelog.com\/wp-content\/uploads\/2025\/07\/ship-4490852_640.jpg 495w, https:\/\/sunlinelog.com\/wp-content\/uploads\/2025\/07\/ship-4490852_640-232x300.jpg 232w\" data-sizes=\"(max-width: 495px) 100vw, 495px\" src=\"data:image\/svg+xml;base64,PHN2ZyB3aWR0aD0iMSIgaGVpZ2h0PSIxIiB4bWxucz0iaHR0cDovL3d3dy53My5vcmcvMjAwMC9zdmciPjwvc3ZnPg==\" style=\"--smush-placeholder-width: 495px; --smush-placeholder-aspect-ratio: 495\/640;\" \/>\t\t\t\t\t\t\t\t\t\t\t\t\t\t\t<\/div>\n\t\t\t\t<div class=\"elementor-element elementor-element-09df643 elementor-widget elementor-widget-image\" data-id=\"09df643\" data-element_type=\"widget\" data-widget_type=\"image.default\">\n\t\t\t\t\t\t\t\t\t\t\t\t\t\t\t<img decoding=\"async\" width=\"640\" height=\"852\" data-src=\"https:\/\/sunlinelog.com\/wp-content\/uploads\/2025\/07\/pat-whelen-xSsWBa4rb6E-unsplash.jpg\" class=\"attachment-full size-full wp-image-122 lazyload\" alt=\"\" data-srcset=\"https:\/\/sunlinelog.com\/wp-content\/uploads\/2025\/07\/pat-whelen-xSsWBa4rb6E-unsplash.jpg 640w, https:\/\/sunlinelog.com\/wp-content\/uploads\/2025\/07\/pat-whelen-xSsWBa4rb6E-unsplash-225x300.jpg 225w\" data-sizes=\"(max-width: 640px) 100vw, 640px\" src=\"data:image\/svg+xml;base64,PHN2ZyB3aWR0aD0iMSIgaGVpZ2h0PSIxIiB4bWxucz0iaHR0cDovL3d3dy53My5vcmcvMjAwMC9zdmciPjwvc3ZnPg==\" style=\"--smush-placeholder-width: 640px; --smush-placeholder-aspect-ratio: 640\/852;\" \/>\t\t\t\t\t\t\t\t\t\t\t\t\t\t\t<\/div>\n\t\t\t\t<\/div>\n\t\t<div class=\"elementor-element elementor-element-7cbd2aa e-con-full e-flex e-con e-child\" data-id=\"7cbd2aa\" data-element_type=\"container\">\n\t\t\t\t<div class=\"elementor-element elementor-element-2a5ba69 elementor-widget elementor-widget-heading\" data-id=\"2a5ba69\" data-element_type=\"widget\" data-widget_type=\"heading.default\">\n\t\t\t\t\t<h2 class=\"elementor-heading-title elementor-size-default\">SUN LINE LOGISTIC S. A. C<\/h2>\t\t\t\t<\/div>\n\t\t\t\t<div class=\"elementor-element elementor-element-e856963 elementor-widget elementor-widget-text-editor\" data-id=\"e856963\" data-element_type=\"widget\" data-widget_type=\"text-editor.default\">\n\t\t\t\t\t\t\t\t\t<p>It is an international freight agency, specializing in the transportation of both import and export merchandise to and from anywhere in the world.<\/p><p>We assist our clients with efficient and personalized service, with a dynamic, highly qualified workforce that is expert in all modes of transportation.<\/p>\t\t\t\t\t\t\t\t<\/div>\n\t\t\t\t<div class=\"elementor-element elementor-element-97e74e2 elementor-widget elementor-widget-heading\" data-id=\"97e74e2\" data-element_type=\"widget\" data-widget_type=\"heading.default\">\n\t\t\t\t\t<h2 class=\"elementor-heading-title elementor-size-default\">Our experience<\/h2>\t\t\t\t<\/div>\n\t\t<div class=\"elementor-element elementor-element-a15aae4 e-grid e-con-full e-con e-child\" data-id=\"a15aae4\" data-element_type=\"container\" data-settings=\"{&quot;background_background&quot;:&quot;classic&quot;}\">\n\t\t\t\t<div class=\"elementor-element elementor-element-4f6b178 elementor-widget elementor-widget-counter\" data-id=\"4f6b178\" data-element_type=\"widget\" data-widget_type=\"counter.default\">\n\t\t\t\t\t\t\t<div class=\"elementor-counter\">\n\t\t\t<div class=\"elementor-counter-title\">Customers served<\/div>\t\t\t<div class=\"elementor-counter-number-wrapper\">\n\t\t\t\t<span class=\"elementor-counter-number-prefix\">+<\/span>\n\t\t\t\t<span class=\"elementor-counter-number\" data-duration=\"2000\" data-to-value=\"1500\" data-from-value=\"0\" data-delimiter=\",\">0<\/span>\n\t\t\t\t<span class=\"elementor-counter-number-suffix\"><\/span>\n\t\t\t<\/div>\n\t\t<\/div>\n\t\t\t\t\t\t<\/div>\n\t\t\t\t<div class=\"elementor-element elementor-element-4ba2f4f elementor-widget elementor-widget-counter\" data-id=\"4ba2f4f\" data-element_type=\"widget\" data-widget_type=\"counter.default\">\n\t\t\t\t\t\t\t<div class=\"elementor-counter\">\n\t\t\t<div class=\"elementor-counter-title\">Loads transported<\/div>\t\t\t<div class=\"elementor-counter-number-wrapper\">\n\t\t\t\t<span class=\"elementor-counter-number-prefix\">+<\/span>\n\t\t\t\t<span class=\"elementor-counter-number\" data-duration=\"2000\" data-to-value=\"80\" data-from-value=\"0\" data-delimiter=\",\">0<\/span>\n\t\t\t\t<span class=\"elementor-counter-number-suffix\">K<\/span>\n\t\t\t<\/div>\n\t\t<\/div>\n\t\t\t\t\t\t<\/div>\n\t\t\t\t<div class=\"elementor-element elementor-element-c1b93ef elementor-widget elementor-widget-heading\" data-id=\"c1b93ef\" data-element_type=\"widget\" data-widget_type=\"heading.default\">\n\t\t\t\t\t<h2 class=\"elementor-heading-title elementor-size-default\">National and regional coverage<\/h2>\t\t\t\t<\/div>\n\t\t\t\t<\/div>\n\t\t\t\t<\/div>\n\t\t\t\t\t<\/div>\n\t\t\t\t<\/div>\n\t\t<div class=\"elementor-element elementor-element-c8c849a e-con-full e-flex e-con e-parent\" data-id=\"c8c849a\" data-element_type=\"container\" data-settings=\"{&quot;background_background&quot;:&quot;classic&quot;}\">\n\t\t<div class=\"elementor-element elementor-element-ada19c4 e-con-full e-flex e-con e-child\" data-id=\"ada19c4\" data-element_type=\"container\">\n\t\t\t\t<div class=\"elementor-element elementor-element-f1101ae elementor-widget elementor-widget-heading\" data-id=\"f1101ae\" data-element_type=\"widget\" data-widget_type=\"heading.default\">\n\t\t\t\t\t<h2 class=\"elementor-heading-title elementor-size-default\">About Us<\/h2>\t\t\t\t<\/div>\n\t\t\t\t<div class=\"elementor-element elementor-element-aa88180 elementor-widget elementor-widget-heading\" data-id=\"aa88180\" data-element_type=\"widget\" data-widget_type=\"heading.default\">\n\t\t\t\t\t<h2 class=\"elementor-heading-title elementor-size-default\">Mission:<\/h2>\t\t\t\t<\/div>\n\t\t\t\t<div class=\"elementor-element elementor-element-223d9fc elementor-widget elementor-widget-text-editor\" data-id=\"223d9fc\" data-element_type=\"widget\" data-widget_type=\"text-editor.default\">\n\t\t\t\t\t\t\t\t\tWe offer our customers products that exceed market expectations in maritime, air, and land transportation. We offer fast, easy logistics solutions with maximum added value, meeting the required needs and standards, and consolidate our position as strategic partners in their businesses.\t\t\t\t\t\t\t\t<\/div>\n\t\t\t\t<div class=\"elementor-element elementor-element-8618b0b elementor-widget elementor-widget-heading\" data-id=\"8618b0b\" data-element_type=\"widget\" data-widget_type=\"heading.default\">\n\t\t\t\t\t<h2 class=\"elementor-heading-title elementor-size-default\">Vision:<\/h2>\t\t\t\t<\/div>\n\t\t\t\t<div class=\"elementor-element elementor-element-8c3f929 elementor-widget elementor-widget-text-editor\" data-id=\"8c3f929\" data-element_type=\"widget\" data-widget_type=\"text-editor.default\">\n\t\t\t\t\t\t\t\t\t<p>To be our clients' ideal partner, always offering high-impact logistics solutions with a high value proposition as a result of the reliability and satisfaction of our clients, partners, and collaborators.<\/p>\t\t\t\t\t\t\t\t<\/div>\n\t\t\t\t<div class=\"elementor-element elementor-element-6dd7c3c elementor-widget elementor-widget-heading\" data-id=\"6dd7c3c\" data-element_type=\"widget\" data-widget_type=\"heading.default\">\n\t\t\t\t\t<h2 class=\"elementor-heading-title elementor-size-default\">VALUES:<\/h2>\t\t\t\t<\/div>\n\t\t\t\t<div class=\"elementor-element elementor-element-41e1047 elementor-widget elementor-widget-text-editor\" data-id=\"41e1047\" data-element_type=\"widget\" data-widget_type=\"text-editor.default\">\n\t\t\t\t\t\t\t\t\t<ul><li>Honesty: we act with transparency.<\/li><li>Disclaimer: we comply what we promise.<\/li><li>Commitment: total dedication to the client.<\/li><li>Continuous improvement: we seek to grow and innovate.<\/li><\/ul>\t\t\t\t\t\t\t\t<\/div>\n\t\t\t\t<\/div>\n\t\t<div class=\"elementor-element elementor-element-7a57736 e-con-full e-flex e-con e-child\" data-id=\"7a57736\" data-element_type=\"container\">\n\t\t\t\t<div class=\"elementor-element elementor-element-a200f02 elementor-widget elementor-widget-image\" data-id=\"a200f02\" data-element_type=\"widget\" data-widget_type=\"image.default\">\n\t\t\t\t\t\t\t\t\t\t\t\t\t\t\t<img decoding=\"async\" width=\"640\" height=\"830\" data-src=\"https:\/\/sunlinelog.com\/wp-content\/uploads\/2025\/07\/elias-lYi5Qg0xP0-unsplash-e1752521634102.jpg\" class=\"attachment-full size-full wp-image-194 lazyload\" alt=\"\" data-srcset=\"https:\/\/sunlinelog.com\/wp-content\/uploads\/2025\/07\/elias-lYi5Qg0xP0-unsplash-e1752521634102.jpg 640w, https:\/\/sunlinelog.com\/wp-content\/uploads\/2025\/07\/elias-lYi5Qg0xP0-unsplash-e1752521634102-231x300.jpg 231w\" data-sizes=\"(max-width: 640px) 100vw, 640px\" src=\"data:image\/svg+xml;base64,PHN2ZyB3aWR0aD0iMSIgaGVpZ2h0PSIxIiB4bWxucz0iaHR0cDovL3d3dy53My5vcmcvMjAwMC9zdmciPjwvc3ZnPg==\" style=\"--smush-placeholder-width: 640px; --smush-placeholder-aspect-ratio: 640\/830;\" \/>\t\t\t\t\t\t\t\t\t\t\t\t\t\t\t<\/div>\n\t\t\t\t<\/div>\n\t\t\t\t<\/div>\n\t\t<div class=\"elementor-element elementor-element-789dd15 e-flex e-con-boxed e-con e-parent\" data-id=\"789dd15\" data-element_type=\"container\">\n\t\t\t\t\t<div class=\"e-con-inner\">\n\t\t\t\t<div class=\"elementor-element elementor-element-32c9f85 elementor-widget elementor-widget-heading\" data-id=\"32c9f85\" data-element_type=\"widget\" data-widget_type=\"heading.default\">\n\t\t\t\t\t<h2 class=\"elementor-heading-title elementor-size-default\">Know your port:<br>Callao's Multipurpose North Terminal<\/h2>\t\t\t\t<\/div>\n\t\t\t\t<div class=\"elementor-element elementor-element-5925eef elementor-widget elementor-widget-video\" data-id=\"5925eef\" data-element_type=\"widget\" data-settings=\"{&quot;youtube_url&quot;:&quot;https:\\\/\\\/www.youtube.com\\\/watch?v=MVFjbVsOipE&quot;,&quot;lazy_load&quot;:&quot;yes&quot;,&quot;video_type&quot;:&quot;youtube&quot;,&quot;controls&quot;:&quot;yes&quot;}\" data-widget_type=\"video.default\">\n\t\t\t\t\t\t\t<div class=\"elementor-wrapper elementor-open-inline\">\n\t\t\t<div class=\"elementor-video\"><\/div>\t\t<\/div>\n\t\t\t\t\t\t<\/div>\n\t\t\t\t\t<\/div>\n\t\t\t\t<\/div>\n\t\t<div class=\"elementor-element elementor-element-fd63cbf e-flex e-con-boxed e-con e-parent\" data-id=\"fd63cbf\" data-element_type=\"container\" data-settings=\"{&quot;background_background&quot;:&quot;classic&quot;}\">\n\t\t\t\t\t<div class=\"e-con-inner\">\n\t\t\t\t<div class=\"elementor-element elementor-element-c2b0b73 elementor-widget elementor-widget-heading\" data-id=\"c2b0b73\" data-element_type=\"widget\" data-widget_type=\"heading.default\">\n\t\t\t\t\t<h2 class=\"elementor-heading-title elementor-size-default\">Ready to improve your logistics?<\/h2>\t\t\t\t<\/div>\n\t\t\t\t<div class=\"elementor-element elementor-element-7eb018e elementor-align-center elementor-widget elementor-widget-button\" data-id=\"7eb018e\" data-element_type=\"widget\" data-widget_type=\"button.default\">\n\t\t\t\t\t\t\t\t\t\t<a class=\"elementor-button elementor-button-link elementor-size-sm\" href=\"https:\/\/sunlinelog.com\/en\/contacto\/\">\n\t\t\t\t\t\t<span class=\"elementor-button-content-wrapper\">\n\t\t\t\t\t\t\t\t\t<span class=\"elementor-button-text\">Request a quote<\/span>\n\t\t\t\t\t<\/span>\n\t\t\t\t\t<\/a>\n\t\t\t\t\t\t\t\t<\/div>\n\t\t\t\t\t<\/div>\n\t\t\t\t<\/div>\n\t\t\t\t<\/div>","protected":false},"excerpt":{"rendered":"<p>Soluciones log\u00edsticas r\u00e1pidas y seguras para tu negocio Entregamos a tiempo, con seguimiento en tiempo real y atenci\u00f3n personalizada. Solicitar una cotizaci\u00f3n \u00bfQu\u00e9 hacemos? Transporte Terrestre Transporte Multimodal Almacenamiento y Distribuci\u00f3n Despachos Aduaneros SUN LINE LOGISTIC S.A.C Es una agencia de carga internacional, con especializaci\u00f3n en transporte de mercanc\u00edas tanto de importaci\u00f3n como de exportaci\u00f3n [&hellip;]<\/p>","protected":false},"author":1,"featured_media":306,"parent":0,"menu_order":0,"comment_status":"closed","ping_status":"closed","template":"elementor_header_footer","meta":{"_joinchat":[],"footnotes":""},"class_list":["post-8","page","type-page","status-publish","has-post-thumbnail","hentry"],"_links":{"self":[{"href":"https:\/\/sunlinelog.com\/en\/wp-json\/wp\/v2\/pages\/8","targetHints":{"allow":["GET"]}}],"collection":[{"href":"https:\/\/sunlinelog.com\/en\/wp-json\/wp\/v2\/pages"}],"about":[{"href":"https:\/\/sunlinelog.com\/en\/wp-json\/wp\/v2\/types\/page"}],"author":[{"embeddable":true,"href":"https:\/\/sunlinelog.com\/en\/wp-json\/wp\/v2\/users\/1"}],"replies":[{"embeddable":true,"href":"https:\/\/sunlinelog.com\/en\/wp-json\/wp\/v2\/comments?post=8"}],"version-history":[{"count":0,"href":"https:\/\/sunlinelog.com\/en\/wp-json\/wp\/v2\/pages\/8\/revisions"}],"wp:featuredmedia":[{"embeddable":true,"href":"https:\/\/sunlinelog.com\/en\/wp-json\/wp\/v2\/media\/306"}],"wp:attachment":[{"href":"https:\/\/sunlinelog.com\/en\/wp-json\/wp\/v2\/media?parent=8"}],"curies":[{"name":"wp","href":"https:\/\/api.w.org\/{rel}","templated":true}]}}